{"id":171,"date":"2015-08-19T02:50:56","date_gmt":"2015-08-19T02:50:56","guid":{"rendered":"http:\/\/demo.vegatheme.com\/startos\/?page_id=171"},"modified":"2021-07-27T18:02:44","modified_gmt":"2021-07-27T18:02:44","slug":"homepage-1","status":"publish","type":"page","link":"https:\/\/info.brunocapuccipropiedades.com\/","title":{"rendered":"Homepage"},"content":{"rendered":"<p>[vc_row][vc_column][vc_empty_space height=&#8221;100px&#8221;][vc_custom_heading text=&#8221;\u00bf Sos socio de la SOCIEDAD RURAL ?<br \/>\nCompr\u00e1 tu departamento a estrenar en Rosario con beneficios EXCLUSIVOS&#8221; font_container=&#8221;tag:h2|text_align:center|color:%231019a2&#8243; google_fonts=&#8221;font_family:Anton%3Aregular|font_style:400%20regular%3A400%3Anormal&#8221;][vc_custom_heading text=&#8221;BRUNO CAPUCCI PROPIEDADES te trae beneficios EXCLUSIVOS de la mano de INDECO&#8221; font_container=&#8221;tag:h2|text_align:center|color:%231019a2&#8243; google_fonts=&#8221;font_family:Asap%3Aregular%2Citalic%2C700%2C700italic|font_style:400%20regular%3A400%3Anormal&#8221;][\/vc_column][\/vc_row][vc_row css=&#8221;.vc_custom_1626284373017{padding-top: 20px !important;padding-bottom: 20px !important;background-image: url(https:\/\/info.brunocapuccipropiedades.com\/wp-content\/uploads\/2015\/08\/wideboxbg11.jpg?id=179) !important;background-position: center !important;background-repeat: no-repeat !important;background-size: cover !important;}&#8221;][vc_column animate=&#8221;fadeinleft&#8221; wap_class=&#8221;&#8221;][vc_video link=&#8221;https:\/\/youtu.be\/4UweHaJ0fZw&#8221;][\/vc_column][\/vc_row][vc_row css=&#8221;.vc_custom_1626284358051{padding-top: 20px !important;padding-bottom: 20px !important;background-image: url(https:\/\/info.brunocapuccipropiedades.com\/wp-content\/uploads\/2015\/08\/wideboxbg11.jpg?id=179) !important;background-position: center !important;background-repeat: no-repeat !important;background-size: cover !important;}&#8221;][vc_column width=&#8221;1\/2&#8243; animate=&#8221;fadeinleft&#8221; wap_class=&#8221;&#8221;]<h1 class= \"title\" style=\"text-align: left;\">Costos de firma de BOLETO 100% Bonificados<\/h1>[vc_column_text el_class=&#8221;slogan&#8221; css=&#8221;.vc_custom_1626280507285{margin-top: 30px !important;margin-bottom: 40px !important;padding-top: 0px !important;padding-bottom: 0px !important;}&#8221;]Beneficio exclusivo por tiempo limitado para los socios de la <strong>Sociedad Rural.<\/strong><\/p>\n<p>Firm\u00e1 con nosotros y sumate a <strong>BRUNO CAPUCCI PROPIEDADES<\/strong>[\/vc_column_text]\r\n\t<a class=\"vc_button medium\" href=\"tel:+5493416246020\"><i class=\"icon-phone\"><\/i>LLAMANOS<\/a>\r\n\t\r\n\t[\/vc_column][vc_column width=&#8221;1\/2&#8243; animate=&#8221;fadeinright&#8221; wap_class=&#8221;&#8221;][vc_single_image image=&#8221;555&#8243; img_size=&#8221;full&#8221;][\/vc_column][\/vc_row][vc_row css=&#8221;.vc_custom_1626284288820{padding-top: 40px !important;padding-bottom: 40px !important;background-image: url(https:\/\/info.brunocapuccipropiedades.com\/wp-content\/uploads\/2015\/08\/wideboxbg21.jpg?id=181) !important;background-position: center !important;background-repeat: no-repeat !important;background-size: cover !important;}&#8221;][vc_column width=&#8221;1\/2&#8243; animate=&#8221;fadeinleft&#8221; wap_class=&#8221;&#8221;][vc_single_image image=&#8221;553&#8243; img_size=&#8221;full&#8221; css=&#8221;.vc_custom_1626280202627{margin-top: 25px !important;}&#8221;][\/vc_column][vc_column width=&#8221;1\/2&#8243; animate=&#8221;fadeinright&#8221; wap_class=&#8221;&#8221;][vc_empty_space height=&#8221;130px&#8221;]<h1 class= \"title-2\" style=\"text-align: left;color: #ffffff;\">Tenemos la mejor financiaci\u00f3n para ofrecerte !<\/h1>[vc_column_text css=&#8221;.vc_custom_1626281791360{margin-top: 20px !important;margin-bottom: 30px !important;}&#8221; el_class=&#8221;slogan&#8221;]<\/p>\n<div class=\"white\">Combinamos juntos el mejor plan de cuotas y adem\u00e1s: <strong>tomamos tu cosecha como parte de pago !<\/strong><\/div>\n<p>[\/vc_column_text]\r\n\t<a class=\"vc_button medium\" href=\"tel:+5493416246020\"><i class=\"icon-phone\"><\/i>QUIERO MAS INFORMACION<\/a>\r\n\t\r\n\t[\/vc_column][\/vc_row][vc_row css=&#8221;.vc_custom_1626284301006{padding-top: 40px !important;padding-bottom: 40px !important;background-image: url(https:\/\/info.brunocapuccipropiedades.com\/wp-content\/uploads\/2015\/08\/wideboxbg11.jpg?id=179) !important;background-position: center !important;background-repeat: no-repeat !important;background-size: cover !important;}&#8221;][vc_column width=&#8221;1\/2&#8243; animate=&#8221;fadeinleft&#8221; wap_class=&#8221;&#8221;][vc_empty_space height=&#8221;90px&#8221;]<h1 class= \"title\" style=\"text-align: left;\">\u00bf Ten\u00e9s un departamento en Rosario ?<\/h1>[vc_column_text el_class=&#8221;slogan&#8221; css=&#8221;.vc_custom_1626281888174{margin-top: 30px !important;margin-bottom: 40px !important;padding-top: 0px !important;padding-bottom: 0px !important;}&#8221;]Traelo, y analizamos la posibilidad de tomarlo en parte de pago por una nueva unidad a <strong>ESTRENAR<\/strong>[\/vc_column_text]\r\n\t<a class=\"button2 mdark\" href=\"tel:+5493416246020\"><i class=\"icon-phone\"><\/i>LLAMANOS<\/a>\r\n\t\r\n\t[\/vc_column][vc_column width=&#8221;1\/2&#8243; animate=&#8221;fadeinright&#8221; wap_class=&#8221;&#8221;][vc_single_image image=&#8221;554&#8243; img_size=&#8221;full&#8221;][\/vc_column][\/vc_row][vc_row css=&#8221;.vc_custom_1626287952891{padding-top: 150px !important;padding-bottom: 150px !important;background-image: url(https:\/\/info.brunocapuccipropiedades.com\/wp-content\/uploads\/2015\/08\/wideboxbg41.png?id=544) !important;background-position: center !important;background-repeat: no-repeat !important;background-size: cover !important;}&#8221; el_id=&#8221;download&#8221;][vc_column animate=&#8221;fadein&#8221; wap_class=&#8221;&#8221;]\t\r\n\t\t<section id=\"sec_download\" class=\"section text-align-center\" data-layout=\"100%\" data-cover=\"true\" data-fixed=\"true\" data-parallax=\"false\">\r\n\t\t\t<h1>Compr\u00e1 tu departamento a estrenar en BRUNO CAPUCCI PROPIEDADES<\/h1><br>\r\n\t\t\t<a class=\"button medium\" href=\"tel:+543416246020\"><i class=\"icon-phone\"><\/i>LLAMADA POR TELEFONO<\/a>\r\n\t\t\t<a class=\"button medium\" href=\"https:\/\/wa.link\/lho3x7\"><i class=\"icon-whatsapp\"><\/i>WHATSAPP<\/a>\r\n\t\t<\/section>\r\n[\/vc_column][\/vc_row][vc_row css=&#8221;.vc_custom_1626286932175{padding-top: 150px !important;padding-bottom: 150px !important;background-image: url(https:\/\/info.brunocapuccipropiedades.com\/wp-content\/uploads\/2021\/07\/Captura-de-Pantalla-2021-07-14-a-las-14.54.38.png?id=575) !important;background-position: center !important;background-repeat: no-repeat !important;background-size: cover !important;}&#8221;][vc_column animate=&#8221;fadein&#8221; wap_class=&#8221;&#8221;]\t\r\n\t\t<section id=\"sec_download\" class=\"section text-align-center\" data-layout=\"100%\" data-cover=\"true\" data-fixed=\"true\" data-parallax=\"false\">\r\n\t\t\t<h1>GRUPO INDECO<\/h1><br>\r\n\t\t\t<a class=\"button medium\" href=\"http:\/\/www.grupoindeco.com.ar\/index.php\"><i class=\"icon-earth\"><\/i>SITIO WEB<\/a>\r\n\t\t\t<a class=\"button medium\" href=\"https:\/\/wa.link\/07mpcr\"><i class=\"icon-whatsapp\"><\/i>WHATSAPP<\/a>\r\n\t\t<\/section>\r\n[\/vc_column][\/vc_row][vc_row css=&#8221;.vc_custom_1440559422996{padding-top: 105px !important;padding-bottom: 80px !important;background-position: center !important;background-repeat: no-repeat !important;background-size: cover !important;}&#8221; el_id=&#8221;facts&#8221;][vc_column width=&#8221;1\/3&#8243; animate=&#8221;fadeinleft&#8221; wap_class=&#8221;&#8221;]\t\r\n\t<div class=\"child-element counter clearfix\">\r\n\t\t<div class=\"count icon-pencil\" data-value=\"15\"><\/div>\r\n\t\t<p class=\"title-count\" style=\"color: #1019a2;\">A\u00f1os de Trayectoria<\/p>\t\r\n\t<\/div>\t\r\n\t\r\n    [\/vc_column][vc_column width=&#8221;1\/3&#8243; animate=&#8221;fadeinup&#8221; wap_class=&#8221;&#8221;]\t\r\n\t<div class=\"child-element counter clearfix\">\r\n\t\t<div class=\"count icon-office\" data-value=\"52\"><\/div>\r\n\t\t<p class=\"title-count\" style=\"color: #1019a2;\">Edificios completados<\/p>\t\r\n\t<\/div>\t\r\n\t\r\n    [\/vc_column][vc_column width=&#8221;1\/3&#8243; animate=&#8221;fadeinright&#8221; wap_class=&#8221;&#8221;]\t\r\n\t<div class=\"child-element counter clearfix\">\r\n\t\t<div class=\"counts icon-key\" data-value=\"1907\"><\/div>\r\n\t\t<p class=\"title-count\" style=\"color: #1019a2;\">Unidades entregadas<\/p>\t\r\n\t<\/div>\t\r\n\t\r\n    [\/vc_column][\/vc_row][vc_row css=&#8221;.vc_custom_1440559422996{padding-top: 105px !important;padding-bottom: 80px !important;background-position: center !important;background-repeat: no-repeat !important;background-size: cover !important;}&#8221;][vc_column width=&#8221;1\/3&#8243; animate=&#8221;fadeinleft&#8221; wap_class=&#8221;&#8221;][vc_hoverbox image=&#8221;580&#8243; primary_title=&#8221;Celenia 6&#8243; primary_title_font_container=&#8221;color:%23ffffff&#8221; primary_title_use_theme_fonts=&#8221;yes&#8221; hover_title=&#8221;Mendoza 1862&#8243; shape=&#8221;square&#8221; css_animation=&#8221;zoomIn&#8221; use_custom_fonts_primary_title=&#8221;true&#8221; primary_title_link=&#8221;url:http%3A%2F%2Fwww.grupoindeco.com.ar%2Findex.php%3Fpagina%3Ddetalle%26idp%3D8382|title:Celenia%206|target:_blank&#8221;]Dispone de cocheras en planta baja y ocho pisos, todos con monoambientes.<br \/>\nEn las azoteas de ambas Torres est\u00e1n previstos los amenities del edificio, sol\u00e1rium con ducha, quincho semi cubierto con parrillero, zona fitness y espacios de relax al aire libre.[\/vc_hoverbox][\/vc_column][vc_column width=&#8221;1\/3&#8243; animate=&#8221;fadeinup&#8221; wap_class=&#8221;&#8221;][vc_hoverbox image=&#8221;579&#8243; primary_title=&#8221;Celenia 5&#8243; primary_title_font_container=&#8221;color:%23ffffff&#8221; primary_title_use_theme_fonts=&#8221;yes&#8221; hover_title=&#8221;Zeballos 1668&#8243; shape=&#8221;square&#8221; css_animation=&#8221;zoomIn&#8221; use_custom_fonts_primary_title=&#8221;true&#8221; primary_title_link=&#8221;url:http%3A%2F%2Fwww.grupoindeco.com.ar%2Findex.php%3Fpagina%3Ddetalle%26idp%3D8360|title:Celenia%205&#8243;]Dos torres vinculadas a trav\u00e9s de un recorrido dise\u00f1ado con visuales al pulm\u00f3n verde del edificio<\/p>\n<ul>\n<li>48 Departamentos de 1 Dormitorio<\/li>\n<li>8 Monoambientes<\/li>\n<\/ul>\n<p>[\/vc_hoverbox][\/vc_column][vc_column width=&#8221;1\/3&#8243; animate=&#8221;fadeinright&#8221; wap_class=&#8221;&#8221;][vc_hoverbox image=&#8221;578&#8243; primary_title=&#8221;Celenia 4&#8243; primary_title_font_container=&#8221;color:%23ffffff&#8221; primary_title_use_theme_fonts=&#8221;yes&#8221; hover_title=&#8221;Montevideo 1370&#8243; shape=&#8221;square&#8221; css_animation=&#8221;zoomIn&#8221; use_custom_fonts_primary_title=&#8221;true&#8221; reverse=&#8221;true&#8221; primary_title_link=&#8221;url:http%3A%2F%2Fwww.grupoindeco.com.ar%2Findex.php%3Fpagina%3Ddetalle%26idp%3D8359|target:_blank&#8221;]Desarrollado en 2 torres<\/p>\n<p>\u2022 8 pisos<\/p>\n<p>\u2022 Departamentos de 1 dormitorio y monoambientes[\/vc_hoverbox][\/vc_column][\/vc_row][vc_row css=&#8221;.vc_custom_1440559457066{padding-top: 150px !important;padding-bottom: 150px !important;background-image: url(https:\/\/info.brunocapuccipropiedades.com\/wp-content\/uploads\/2015\/08\/wideboxbg41.jpg?id=197) !important;background-position: center !important;background-repeat: no-repeat !important;background-size: cover !important;}&#8221;][vc_column animate=&#8221;fadein&#8221; wap_class=&#8221;&#8221;]\t\r\n\t\t<section id=\"sec_download\" class=\"section text-align-center\" data-layout=\"100%\" data-cover=\"true\" data-fixed=\"true\" data-parallax=\"false\">\r\n\t\t\t<h1>Nos esperes m\u00e1s ! CONTACTANOS y acced\u00e9 a todos nuestros BENEFICIOS para comprar tu departamento a ESTRENAR en ROSARIO<\/h1><br>\r\n\t\t\t<a class=\"button medium\" href=\"tel:+543416246020\"><i class=\"icon-phone\"><\/i>LLAMANOS<\/a>\r\n\t\t\t<a class=\"button medium\" href=\"https:\/\/wa.link\/lho3x7\"><i class=\"icon-whatsapp\"><\/i>ESCRIBINOS POR WHATSAPP<\/a>\r\n\t\t<\/section>\r\n[\/vc_column][\/vc_row][vc_row css=&#8221;.vc_custom_1439952491741{padding-top: 80px !important;padding-bottom: 60px !important;background-image: url(https:\/\/info.brunocapuccipropiedades.com\/wp-content\/uploads\/2015\/08\/contactbg.png?id=134) !important;background-position: center !important;background-repeat: no-repeat !important;background-size: cover !important;}&#8221; el_class=&#8221;no-fixed&#8221; el_id=&#8221;contact&#8221;][vc_column wap_class=&#8221;&#8221;]<h1 class= \"title\" style=\"text-align: center;\">Contactanos por email<\/h1><p class= \"slogan\" style=\"text-align: center;\">Envianos un mensaje, cont\u00e1ndonos tu situaci\u00f3n y concret\u00e1 el sue\u00f1o de tener un departamento a estrenar en ROSARIO<\/p>\t\t\t<div class=\"i-separator animate clearfix\"><i class='icon-envelope'><\/i><\/div><br>\t      \r\n\t\t[\/vc_column][vc_column animate=&#8221;fadeinup&#8221;]<div role=\"form\" class=\"wpcf7\" id=\"wpcf7-f138-o1\" lang=\"en-US\" dir=\"ltr\">\n<div class=\"screen-reader-response\"><p role=\"status\" aria-live=\"polite\" aria-atomic=\"true\"><\/p> <ul><\/ul><\/div>\n<form action=\"\/index.php\/wp-json\/wp\/v2\/pages\/171#wpcf7-f138-o1\" method=\"post\" class=\"wpcf7-form init\" novalidate=\"novalidate\" data-status=\"init\">\n<div style=\"display: none;\">\n<input type=\"hidden\" name=\"_wpcf7\" value=\"138\" \/>\n<input type=\"hidden\" name=\"_wpcf7_version\" value=\"5.5.2\" \/>\n<input type=\"hidden\" name=\"_wpcf7_locale\" value=\"en_US\" \/>\n<input type=\"hidden\" name=\"_wpcf7_unit_tag\" value=\"wpcf7-f138-o1\" \/>\n<input type=\"hidden\" name=\"_wpcf7_container_post\" value=\"0\" \/>\n<input type=\"hidden\" name=\"_wpcf7_posted_data_hash\" value=\"\" \/>\n<\/div>\n<div class=\"col6 wow fadeInUp animated\" data-wow-delay=\"0s\">\n<div class=\"form-wrap icon-user2\"><span class=\"wpcf7-form-control-wrap Name\"><input type=\"text\" name=\"Name\" value=\"\" size=\"40\" class=\"wpcf7-form-control wpcf7-text wpcf7-validates-as-required\" aria-required=\"true\" aria-invalid=\"false\" placeholder=\"Nombre\" \/><\/span><\/div>\n<\/div>\n<div class=\"col6 wow fadeInUp animated\" data-wow-delay=\"0.3s\">\n<div class=\"form-wrap icon-envelope2\"><span class=\"wpcf7-form-control-wrap Email\"><input type=\"email\" name=\"Email\" value=\"\" size=\"40\" class=\"wpcf7-form-control wpcf7-text wpcf7-email wpcf7-validates-as-required wpcf7-validates-as-email envelope2\" aria-required=\"true\" aria-invalid=\"false\" placeholder=\"Email\" \/><\/span><\/div>\n<\/div>\n<div class=\"col12 wow fadeInUp animated\" data-wow-delay=\"0.6s\">\n<div class=\"form-wrap icon-tag2\"><span class=\"wpcf7-form-control-wrap Subject\"><input type=\"text\" name=\"Subject\" value=\"\" size=\"40\" class=\"wpcf7-form-control wpcf7-text\" aria-invalid=\"false\" placeholder=\"Asunto\" \/><\/span><\/div>\n<\/div>\n<div class=\"col12 wow fadeInUp animated\" data-wow-delay=\"0.9s\">\n<div class=\"form-wrap icon-comments textarea\"><span class=\"wpcf7-form-control-wrap Message\"><textarea name=\"Message\" cols=\"40\" rows=\"10\" class=\"wpcf7-form-control wpcf7-textarea wpcf7-validates-as-required\" aria-required=\"true\" aria-invalid=\"false\" placeholder=\"Mensaje\"><\/textarea><\/span><\/div>\n<\/div>\n<div class=\"col12 text-align-center wow fadeIn animated\" data-wow-delay=\"1.2s\"><input type=\"submit\" value=\"Enviar mensaje\" class=\"wpcf7-form-control has-spinner wpcf7-submit\" \/><\/div>\n<div class=\"wpcf7-response-output\" aria-hidden=\"true\"><\/div><\/form><\/div>[\/vc_column][\/vc_row]<\/p>\n","protected":false},"excerpt":{"rendered":"<p>[vc_row][vc_column][vc_empty_space height=&#8221;100px&#8221;][vc_custom_heading text=&#8221;\u00bf Sos socio de la SOCIEDAD RURAL ? Compr\u00e1 tu departamento a estrenar en Rosario con beneficios EXCLUSIVOS&#8221; font_container=&#8221;tag:h2|text_align:center|color:%231019a2&#8243; google_fonts=&#8221;font_family:Anton%3Aregular|font_style:400%20regular%3A400%3Anormal&#8221;][vc_custom_heading text=&#8221;BRUNO CAPUCCI PROPIEDADES te trae beneficios EXCLUSIVOS de la mano de INDECO&#8221; font_container=&#8221;tag:h2|text_align:center|color:%231019a2&#8243; google_fonts=&#8221;font_family:Asap%3Aregular%2Citalic%2C700%2C700italic|font_style:400%20regular%3A400%3Anormal&#8221;][\/vc_column][\/vc_row][vc_row css=&#8221;.vc_custom_1626284373017{padding-top: 20px !important;padding-bottom: 20px !important;background-image: url(https:\/\/info.brunocapuccipropiedades.com\/wp-content\/uploads\/2015\/08\/wideboxbg11.jpg?id=179) !important;background-position: center !important;background-repeat: no-repeat !important;background-size: cover !important;}&#8221;][vc_column animate=&#8221;fadeinleft&#8221; wap_class=&#8221;&#8221;][vc_video link=&#8221;https:\/\/youtu.be\/4UweHaJ0fZw&#8221;][\/vc_column][\/vc_row][vc_row css=&#8221;.vc_custom_1626284358051{padding-top: 20px !important;padding-bottom: [&hellip;]<\/p>\n","protected":false},"author":1,"featured_media":0,"parent":0,"menu_order":0,"comment_status":"open","ping_status":"open","template":"page-templates\/template-canvas.php","meta":{"footnotes":""},"class_list":["post-171","page","type-page","status-publish","hentry"],"_links":{"self":[{"href":"https:\/\/info.brunocapuccipropiedades.com\/index.php\/wp-json\/wp\/v2\/pages\/171","targetHints":{"allow":["GET"]}}],"collection":[{"href":"https:\/\/info.brunocapuccipropiedades.com\/index.php\/wp-json\/wp\/v2\/pages"}],"about":[{"href":"https:\/\/info.brunocapuccipropiedades.com\/index.php\/wp-json\/wp\/v2\/types\/page"}],"author":[{"embeddable":true,"href":"https:\/\/info.brunocapuccipropiedades.com\/index.php\/wp-json\/wp\/v2\/users\/1"}],"replies":[{"embeddable":true,"href":"https:\/\/info.brunocapuccipropiedades.com\/index.php\/wp-json\/wp\/v2\/comments?post=171"}],"version-history":[{"count":32,"href":"https:\/\/info.brunocapuccipropiedades.com\/index.php\/wp-json\/wp\/v2\/pages\/171\/revisions"}],"predecessor-version":[{"id":591,"href":"https:\/\/info.brunocapuccipropiedades.com\/index.php\/wp-json\/wp\/v2\/pages\/171\/revisions\/591"}],"wp:attachment":[{"href":"https:\/\/info.brunocapuccipropiedades.com\/index.php\/wp-json\/wp\/v2\/media?parent=171"}],"curies":[{"name":"wp","href":"https:\/\/api.w.org\/{rel}","templated":true}]}}